{"id":7258,"date":"2023-08-31T10:15:30","date_gmt":"2023-08-31T09:15:30","guid":{"rendered":"https:\/\/galerie-boketto.com\/?post_type=product&#038;p=7258"},"modified":"2023-10-03T16:46:06","modified_gmt":"2023-10-03T15:46:06","slug":"fauteuil-b3-wassily-par-marcel-breuer-edition-gavina-italie-annees-1960-3","status":"publish","type":"product","link":"https:\/\/galerie-boketto.com\/fr\/produit\/fauteuil-b3-wassily-par-marcel-breuer-edition-gavina-italie-annees-1960-3\/","title":{"rendered":"Fauteuil B3 \/ Wassily  par Marcel Breuer \u00e9dition Gavina, Italie, ann\u00e9es 1960."},"content":{"rendered":"<p class=\"p1\">Ce mod\u00e8le iconique fut r\u00e9alis\u00e9 par Marcel Breuer en 1925 durant la p\u00e9riode o\u00f9 il fut directeur de l\u2019atelier de menuiserie du Bauhaus \u00e0 Dessau en Allemagne. Pour sa cr\u00e9ation, il s\u2019inspira de son v\u00e9lo de la marque Adler, fascin\u00e9 par son design et la l\u00e9g\u00e8ret\u00e9 du cadre en acier tubulaire. Par chance il put profiter de la nouvelle technique mise au point par l\u2019entreprise Mannesmann qui permettait d\u2019obtenir des tubes d\u2019acier sans soudure. Innovant de par ses mat\u00e9riaux et sa technique, ce design \u00e0 su perdurer dans le temps gr\u00e2ce \u00e0 une succession d\u2019\u00e9diteurs, \u00e0 commencer par la c\u00e9l\u00e8bre entreprise germano-autrichienne Thonet qui se chargea de sa production jusqu\u2019au d\u00e9but de la Seconde Guerre mondiale. A cette p\u00e9riode elle ne sera pas nomm\u00e9 Wassily mais B3. Ce n\u2019est qu\u2019apr\u00e8s la guerre lorsque l\u2019entreprise italienne Gavina reprit la production, qu\u2019elle attribua ce nom en r\u00e9f\u00e9rence au peintre abstrait Wassily Kandinsky qui fr\u00e9quenta la m\u00eame \u00e9cole. Le designer apr\u00e8s avoir entendu toutes les \u00e9loges de son camarade pour sa nouvelle cr\u00e9ation d\u00e9cida de lui cr\u00e9er une copie pour ses quartiers priv\u00e9s. C\u2019est en 1968 que Knoll International racheta Gavina. Le fauteuil Wassily int\u00e9gra donc le catalogue et est toujours produit \u00e0 ce jour.<\/p>\n<p class=\"p1\">La structure est compos\u00e9e de 5 tubes d\u2019acier rond, pli\u00e9 et chrom\u00e9. Assembl\u00e9 par un syst\u00e8me de visserie et maintenu par des bandes de cuir cr\u00e9ant un effet de suspension. Le pi\u00e9tement pr\u00e9sente 4 patins en plastique pour \u00e9viter les frottements avec le sol. En bon \u00e9tat, professionnellement nettoy\u00e9e. Le nom du designer est emboss\u00e9 sur le dossier. 2 fauteuils disponibles.<\/p>\n<p class=\"p1\">Mat\u00e9riaux: Acier rond, pli\u00e9, chrom\u00e9 et scell\u00e9. Vis d\u2019origine en noir toutes encore disponibles.<\/p>\n<p class=\"p1\">Cuir: Cuir noir d\u2019origine.<\/p>\n<p class=\"p1\">Dimensions:<br \/>\nH: 71,5 cm L: 79 cm P: 74 cm<\/p>\n","protected":false},"excerpt":{"rendered":"<p>Ce mod\u00e8le iconique fut r\u00e9alis\u00e9 par Marcel Breuer en 1925 durant la p\u00e9riode o\u00f9 il fut directeur de l\u2019atelier de menuiserie du Bauhaus \u00e0 Dessau en Allemagne. Pour sa cr\u00e9ation,&hellip;<\/p>\n","protected":false},"featured_media":7240,"template":"","meta":[],"product_brand":[],"product_cat":[134,135],"product_tag":[276,208,277,265,280,275,241,279,278],"class_list":{"0":"post-7258","1":"product","2":"type-product","3":"status-publish","4":"has-post-thumbnail","6":"product_cat-assise","7":"product_cat-fauteuil","8":"product_tag-annees-1960","9":"product_tag-annees-60","10":"product_tag-b3","11":"product_tag-fauteuil","12":"product_tag-gavina","13":"product_tag-italie","14":"product_tag-italien","15":"product_tag-marcel-breuer","16":"product_tag-wassily","18":"first","19":"instock","20":"taxable","21":"shipping-taxable","22":"product-type-simple"},"yoast_head":"<!-- This site is optimized with the Yoast SEO plugin v23.4 - https:\/\/yoast.com\/wordpress\/plugins\/seo\/ -->\n<title>Fauteuil B3 \/ Wassily par Marcel Breuer \u00e9dition Gavina, Italie, ann\u00e9es 1960. - Galerie Boketto<\/title>\n<meta name=\"description\" content=\"Ce mod\u00e8le iconique fut r\u00e9alis\u00e9 par Marcel Breuer en 1925 durant la p\u00e9riode o\u00f9 il fut directeur de l\u2019atelier de menuiserie du Bauhaus \u00e0 Dessau en Allemagne.\" \/>\n<meta name=\"robots\" content=\"index, follow, max-snippet:-1, max-image-preview:large, max-video-preview:-1\" \/>\n<link rel=\"canonical\" href=\"https:\/\/galerie-boketto.com\/fr\/produit\/fauteuil-b3-wassily-par-marcel-breuer-edition-gavina-italie-annees-1960-3\/\" \/>\n<meta property=\"og:locale\" content=\"fr_FR\" \/>\n<meta property=\"og:type\" content=\"article\" \/>\n<meta property=\"og:title\" content=\"Fauteuil B3 \/ Wassily par Marcel Breuer \u00e9dition Gavina, Italie, ann\u00e9es 1960. - Galerie Boketto\" \/>\n<meta property=\"og:description\" content=\"Ce mod\u00e8le iconique fut r\u00e9alis\u00e9 par Marcel Breuer en 1925 durant la p\u00e9riode o\u00f9 il fut directeur de l\u2019atelier de menuiserie du Bauhaus \u00e0 Dessau en Allemagne.\" \/>\n<meta property=\"og:url\" content=\"https:\/\/galerie-boketto.com\/fr\/produit\/fauteuil-b3-wassily-par-marcel-breuer-edition-gavina-italie-annees-1960-3\/\" \/>\n<meta property=\"og:site_name\" content=\"Galerie Boketto\" \/>\n<meta property=\"article:modified_time\" content=\"2023-10-03T15:46:06+00:00\" \/>\n<meta property=\"og:image\" content=\"https:\/\/galerie-boketto.com\/wp-content\/uploads\/2023\/08\/Wassily-noir-13.jpeg\" \/>\n\t<meta property=\"og:image:width\" content=\"2000\" \/>\n\t<meta property=\"og:image:height\" content=\"2000\" \/>\n\t<meta property=\"og:image:type\" content=\"image\/jpeg\" \/>\n<meta name=\"twitter:card\" content=\"summary_large_image\" \/>\n<meta name=\"twitter:label1\" content=\"Dur\u00e9e de lecture estim\u00e9e\" \/>\n\t<meta name=\"twitter:data1\" content=\"2 minutes\" \/>\n<script type=\"application\/ld+json\" class=\"yoast-schema-graph\">{\"@context\":\"https:\/\/schema.org\",\"@graph\":[{\"@type\":\"WebPage\",\"@id\":\"https:\/\/galerie-boketto.com\/produit\/fauteuil-b3-wassily-par-marcel-breuer-edition-gavina-italie-annees-1960-3\/\",\"url\":\"https:\/\/galerie-boketto.com\/produit\/fauteuil-b3-wassily-par-marcel-breuer-edition-gavina-italie-annees-1960-3\/\",\"name\":\"Fauteuil B3 \/ Wassily par Marcel Breuer \u00e9dition Gavina, Italie, ann\u00e9es 1960. - Galerie Boketto\",\"isPartOf\":{\"@id\":\"https:\/\/galerie-boketto.com\/#website\"},\"primaryImageOfPage\":{\"@id\":\"https:\/\/galerie-boketto.com\/produit\/fauteuil-b3-wassily-par-marcel-breuer-edition-gavina-italie-annees-1960-3\/#primaryimage\"},\"image\":{\"@id\":\"https:\/\/galerie-boketto.com\/produit\/fauteuil-b3-wassily-par-marcel-breuer-edition-gavina-italie-annees-1960-3\/#primaryimage\"},\"thumbnailUrl\":\"https:\/\/galerie-boketto.com\/wp-content\/uploads\/2023\/08\/Wassily-noir-13.jpeg\",\"datePublished\":\"2023-08-31T09:15:30+00:00\",\"dateModified\":\"2023-10-03T15:46:06+00:00\",\"description\":\"Ce mod\u00e8le iconique fut r\u00e9alis\u00e9 par Marcel Breuer en 1925 durant la p\u00e9riode o\u00f9 il fut directeur de l\u2019atelier de menuiserie du Bauhaus \u00e0 Dessau en Allemagne.\",\"breadcrumb\":{\"@id\":\"https:\/\/galerie-boketto.com\/produit\/fauteuil-b3-wassily-par-marcel-breuer-edition-gavina-italie-annees-1960-3\/#breadcrumb\"},\"inLanguage\":\"fr-FR\",\"potentialAction\":[{\"@type\":\"ReadAction\",\"target\":[\"https:\/\/galerie-boketto.com\/produit\/fauteuil-b3-wassily-par-marcel-breuer-edition-gavina-italie-annees-1960-3\/\"]}]},{\"@type\":\"ImageObject\",\"inLanguage\":\"fr-FR\",\"@id\":\"https:\/\/galerie-boketto.com\/produit\/fauteuil-b3-wassily-par-marcel-breuer-edition-gavina-italie-annees-1960-3\/#primaryimage\",\"url\":\"https:\/\/galerie-boketto.com\/wp-content\/uploads\/2023\/08\/Wassily-noir-13.jpeg\",\"contentUrl\":\"https:\/\/galerie-boketto.com\/wp-content\/uploads\/2023\/08\/Wassily-noir-13.jpeg\",\"width\":2000,\"height\":2000},{\"@type\":\"BreadcrumbList\",\"@id\":\"https:\/\/galerie-boketto.com\/produit\/fauteuil-b3-wassily-par-marcel-breuer-edition-gavina-italie-annees-1960-3\/#breadcrumb\",\"itemListElement\":[{\"@type\":\"ListItem\",\"position\":1,\"name\":\"Home\",\"item\":\"https:\/\/galerie-boketto.com\/\"},{\"@type\":\"ListItem\",\"position\":2,\"name\":\"Mobilier\",\"item\":\"https:\/\/galerie-boketto.com\/mobilier\/\"},{\"@type\":\"ListItem\",\"position\":3,\"name\":\"Fauteuil B3 \/ Wassily par Marcel Breuer \u00e9dition Gavina, Italie, ann\u00e9es 1960.\"}]},{\"@type\":\"WebSite\",\"@id\":\"https:\/\/galerie-boketto.com\/#website\",\"url\":\"https:\/\/galerie-boketto.com\/\",\"name\":\"Galerie Boketto\",\"description\":\"Collectible Mid-century in the heart of Paris.\",\"publisher\":{\"@id\":\"https:\/\/galerie-boketto.com\/#organization\"},\"potentialAction\":[{\"@type\":\"SearchAction\",\"target\":{\"@type\":\"EntryPoint\",\"urlTemplate\":\"https:\/\/galerie-boketto.com\/?s={search_term_string}\"},\"query-input\":{\"@type\":\"PropertyValueSpecification\",\"valueRequired\":true,\"valueName\":\"search_term_string\"}}],\"inLanguage\":\"fr-FR\"},{\"@type\":\"Organization\",\"@id\":\"https:\/\/galerie-boketto.com\/#organization\",\"name\":\"Galerie Boketto\",\"url\":\"https:\/\/galerie-boketto.com\/\",\"logo\":{\"@type\":\"ImageObject\",\"inLanguage\":\"fr-FR\",\"@id\":\"https:\/\/galerie-boketto.com\/#\/schema\/logo\/image\/\",\"url\":\"https:\/\/galerie-boketto.com\/wp-content\/uploads\/2022\/11\/logo_dark.png\",\"contentUrl\":\"https:\/\/galerie-boketto.com\/wp-content\/uploads\/2022\/11\/logo_dark.png\",\"width\":1899,\"height\":175,\"caption\":\"Galerie Boketto\"},\"image\":{\"@id\":\"https:\/\/galerie-boketto.com\/#\/schema\/logo\/image\/\"},\"sameAs\":[\"https:\/\/www.instagram.com\/galerie.boketto\/\"]}]}<\/script>\n<!-- \/ Yoast SEO plugin. -->","yoast_head_json":{"title":"Fauteuil B3 \/ Wassily par Marcel Breuer \u00e9dition Gavina, Italie, ann\u00e9es 1960. - Galerie Boketto","description":"Ce mod\u00e8le iconique fut r\u00e9alis\u00e9 par Marcel Breuer en 1925 durant la p\u00e9riode o\u00f9 il fut directeur de l\u2019atelier de menuiserie du Bauhaus \u00e0 Dessau en Allemagne.","robots":{"index":"index","follow":"follow","max-snippet":"max-snippet:-1","max-image-preview":"max-image-preview:large","max-video-preview":"max-video-preview:-1"},"canonical":"https:\/\/galerie-boketto.com\/fr\/produit\/fauteuil-b3-wassily-par-marcel-breuer-edition-gavina-italie-annees-1960-3\/","og_locale":"fr_FR","og_type":"article","og_title":"Fauteuil B3 \/ Wassily par Marcel Breuer \u00e9dition Gavina, Italie, ann\u00e9es 1960. - Galerie Boketto","og_description":"Ce mod\u00e8le iconique fut r\u00e9alis\u00e9 par Marcel Breuer en 1925 durant la p\u00e9riode o\u00f9 il fut directeur de l\u2019atelier de menuiserie du Bauhaus \u00e0 Dessau en Allemagne.","og_url":"https:\/\/galerie-boketto.com\/fr\/produit\/fauteuil-b3-wassily-par-marcel-breuer-edition-gavina-italie-annees-1960-3\/","og_site_name":"Galerie Boketto","article_modified_time":"2023-10-03T15:46:06+00:00","og_image":[{"width":2000,"height":2000,"url":"https:\/\/galerie-boketto.com\/wp-content\/uploads\/2023\/08\/Wassily-noir-13.jpeg","type":"image\/jpeg"}],"twitter_card":"summary_large_image","twitter_misc":{"Dur\u00e9e de lecture estim\u00e9e":"2 minutes"},"schema":{"@context":"https:\/\/schema.org","@graph":[{"@type":"WebPage","@id":"https:\/\/galerie-boketto.com\/produit\/fauteuil-b3-wassily-par-marcel-breuer-edition-gavina-italie-annees-1960-3\/","url":"https:\/\/galerie-boketto.com\/produit\/fauteuil-b3-wassily-par-marcel-breuer-edition-gavina-italie-annees-1960-3\/","name":"Fauteuil B3 \/ Wassily par Marcel Breuer \u00e9dition Gavina, Italie, ann\u00e9es 1960. - Galerie Boketto","isPartOf":{"@id":"https:\/\/galerie-boketto.com\/#website"},"primaryImageOfPage":{"@id":"https:\/\/galerie-boketto.com\/produit\/fauteuil-b3-wassily-par-marcel-breuer-edition-gavina-italie-annees-1960-3\/#primaryimage"},"image":{"@id":"https:\/\/galerie-boketto.com\/produit\/fauteuil-b3-wassily-par-marcel-breuer-edition-gavina-italie-annees-1960-3\/#primaryimage"},"thumbnailUrl":"https:\/\/galerie-boketto.com\/wp-content\/uploads\/2023\/08\/Wassily-noir-13.jpeg","datePublished":"2023-08-31T09:15:30+00:00","dateModified":"2023-10-03T15:46:06+00:00","description":"Ce mod\u00e8le iconique fut r\u00e9alis\u00e9 par Marcel Breuer en 1925 durant la p\u00e9riode o\u00f9 il fut directeur de l\u2019atelier de menuiserie du Bauhaus \u00e0 Dessau en Allemagne.","breadcrumb":{"@id":"https:\/\/galerie-boketto.com\/produit\/fauteuil-b3-wassily-par-marcel-breuer-edition-gavina-italie-annees-1960-3\/#breadcrumb"},"inLanguage":"fr-FR","potentialAction":[{"@type":"ReadAction","target":["https:\/\/galerie-boketto.com\/produit\/fauteuil-b3-wassily-par-marcel-breuer-edition-gavina-italie-annees-1960-3\/"]}]},{"@type":"ImageObject","inLanguage":"fr-FR","@id":"https:\/\/galerie-boketto.com\/produit\/fauteuil-b3-wassily-par-marcel-breuer-edition-gavina-italie-annees-1960-3\/#primaryimage","url":"https:\/\/galerie-boketto.com\/wp-content\/uploads\/2023\/08\/Wassily-noir-13.jpeg","contentUrl":"https:\/\/galerie-boketto.com\/wp-content\/uploads\/2023\/08\/Wassily-noir-13.jpeg","width":2000,"height":2000},{"@type":"BreadcrumbList","@id":"https:\/\/galerie-boketto.com\/produit\/fauteuil-b3-wassily-par-marcel-breuer-edition-gavina-italie-annees-1960-3\/#breadcrumb","itemListElement":[{"@type":"ListItem","position":1,"name":"Home","item":"https:\/\/galerie-boketto.com\/"},{"@type":"ListItem","position":2,"name":"Mobilier","item":"https:\/\/galerie-boketto.com\/mobilier\/"},{"@type":"ListItem","position":3,"name":"Fauteuil B3 \/ Wassily par Marcel Breuer \u00e9dition Gavina, Italie, ann\u00e9es 1960."}]},{"@type":"WebSite","@id":"https:\/\/galerie-boketto.com\/#website","url":"https:\/\/galerie-boketto.com\/","name":"Galerie Boketto","description":"Collectible Mid-century in the heart of Paris.","publisher":{"@id":"https:\/\/galerie-boketto.com\/#organization"},"potentialAction":[{"@type":"SearchAction","target":{"@type":"EntryPoint","urlTemplate":"https:\/\/galerie-boketto.com\/?s={search_term_string}"},"query-input":{"@type":"PropertyValueSpecification","valueRequired":true,"valueName":"search_term_string"}}],"inLanguage":"fr-FR"},{"@type":"Organization","@id":"https:\/\/galerie-boketto.com\/#organization","name":"Galerie Boketto","url":"https:\/\/galerie-boketto.com\/","logo":{"@type":"ImageObject","inLanguage":"fr-FR","@id":"https:\/\/galerie-boketto.com\/#\/schema\/logo\/image\/","url":"https:\/\/galerie-boketto.com\/wp-content\/uploads\/2022\/11\/logo_dark.png","contentUrl":"https:\/\/galerie-boketto.com\/wp-content\/uploads\/2022\/11\/logo_dark.png","width":1899,"height":175,"caption":"Galerie Boketto"},"image":{"@id":"https:\/\/galerie-boketto.com\/#\/schema\/logo\/image\/"},"sameAs":["https:\/\/www.instagram.com\/galerie.boketto\/"]}]}},"_links":{"self":[{"href":"https:\/\/galerie-boketto.com\/fr\/wp-json\/wp\/v2\/product\/7258"}],"collection":[{"href":"https:\/\/galerie-boketto.com\/fr\/wp-json\/wp\/v2\/product"}],"about":[{"href":"https:\/\/galerie-boketto.com\/fr\/wp-json\/wp\/v2\/types\/product"}],"version-history":[{"count":1,"href":"https:\/\/galerie-boketto.com\/fr\/wp-json\/wp\/v2\/product\/7258\/revisions"}],"predecessor-version":[{"id":7260,"href":"https:\/\/galerie-boketto.com\/fr\/wp-json\/wp\/v2\/product\/7258\/revisions\/7260"}],"wp:featuredmedia":[{"embeddable":true,"href":"https:\/\/galerie-boketto.com\/fr\/wp-json\/wp\/v2\/media\/7240"}],"wp:attachment":[{"href":"https:\/\/galerie-boketto.com\/fr\/wp-json\/wp\/v2\/media?parent=7258"}],"wp:term":[{"taxonomy":"product_brand","embeddable":true,"href":"https:\/\/galerie-boketto.com\/fr\/wp-json\/wp\/v2\/product_brand?post=7258"},{"taxonomy":"product_cat","embeddable":true,"href":"https:\/\/galerie-boketto.com\/fr\/wp-json\/wp\/v2\/product_cat?post=7258"},{"taxonomy":"product_tag","embeddable":true,"href":"https:\/\/galerie-boketto.com\/fr\/wp-json\/wp\/v2\/product_tag?post=7258"}],"curies":[{"name":"wp","href":"https:\/\/api.w.org\/{rel}","templated":true}]}}