{"id":6917,"date":"2023-07-28T10:41:47","date_gmt":"2023-07-28T09:41:47","guid":{"rendered":"https:\/\/galerie-boketto.com\/?post_type=product&#038;p=6917"},"modified":"2025-06-20T15:17:41","modified_gmt":"2025-06-20T14:17:41","slug":"canape-serpentine-par-vladimir-kagan-pour-kagan-nyc-annees-50","status":"publish","type":"product","link":"https:\/\/galerie-boketto.com\/fr\/produit\/canape-serpentine-par-vladimir-kagan-pour-kagan-nyc-annees-50\/","title":{"rendered":"Canap\u00e9 Serpentine par Vladimir Kagan pour Kagan NYC, ann\u00e9es 50."},"content":{"rendered":"<p class=\"p1\">Ce canap\u00e9 \u00ab Serpentine \u00bb a \u00e9t\u00e9 cr\u00e9\u00e9 par le designer Vladimir Kagan pour Kagan NYC dans les ann\u00e9es 50. N\u00e9 en Allemagne, Vladimir Kagan a grandi dans une entreprise familiale d\u2019\u00e9b\u00e9nisterie aux \u00c9tats-Unis, o\u00f9 son p\u00e8re y \u00e9tait d\u00e9j\u00e0 artisan. Guid\u00e9 par une approche artistique organique, il a repouss\u00e9 les limites du mobilier traditionnel pour cr\u00e9er des pi\u00e8ces uniques, de v\u00e9ritables oeuvres d\u2019art qui transforment l\u2019atmosph\u00e8re d\u2019une pi\u00e8ce. Son h\u00e9ritage inspire toujours les designers du monde entier, faisant de lui une ic\u00f4ne du design contemporain.<\/p>\n<p class=\"p1\">Ce canap\u00e9 au design en forme de S permet une libert\u00e9 de passage tout autour, cassant avec l\u2019id\u00e9e classique d\u2019un canap\u00e9 adoss\u00e9 \u00e0 un mur. Sa conception organique favorise \u00e9galement des conversations. Con\u00e7u pour une utilisation mobile, ce canap\u00e9 encourage le mouvement plut\u00f4t que de favoriser une position statique prolong\u00e9e. Cette cr\u00e9ation remonte aux ann\u00e9es 50, une \u00e9poque o\u00f9 le mobilier \u00e9tait souvent sobre, fonctionnel et d\u00e9pourvu d\u2019ornements. Ce canap\u00e9 se d\u00e9marque par son approche innovante et avant-gardiste, le rendant ind\u00e9modable. Sa forme contemporaine lui permet de s\u2019adapter \u00e0 diff\u00e9rents styles et \u00e9poques, en faisant une pi\u00e8ce de mobilier intemporelle.<\/p>\n<p class=\"p1\">La structure de ce canap\u00e9 est en bois et garnit de mousse polyur\u00e9thane. Le pi\u00e8tement est en aluminium bross\u00e9, il est compos\u00e9 de deux cercles aux extr\u00e9mit\u00e9s de l\u2019assise et d\u2019une tige centrale. Son rev\u00eatement est r\u00e9alis\u00e9 avec un tissus beige bouclette.<br \/>\nEn tr\u00e8s bon \u00e9tat.<\/p>\n","protected":false},"excerpt":{"rendered":"<p>Ce canap\u00e9 \u00ab Serpentine \u00bb a \u00e9t\u00e9 cr\u00e9\u00e9 par le designer Vladimir Kagan pour Kagan NYC dans les ann\u00e9es 50. N\u00e9 en Allemagne, Vladimir Kagan a grandi dans une entreprise&hellip;<\/p>\n","protected":false},"featured_media":6931,"template":"","meta":[],"product_brand":[],"product_cat":[134,139],"product_tag":[192,507,352,505,509,100,508,506],"class_list":{"0":"post-6917","1":"product","2":"type-product","3":"status-publish","4":"has-post-thumbnail","6":"product_cat-assise","7":"product_cat-canape","8":"product_tag-annees-50","9":"product_tag-bouclette","10":"product_tag-design","11":"product_tag-kagan","12":"product_tag-new-york","13":"product_tag-sofa","14":"product_tag-us","15":"product_tag-vladimir","17":"first","18":"instock","19":"product-type-simple"},"yoast_head":"<!-- This site is optimized with the Yoast SEO plugin v23.4 - https:\/\/yoast.com\/wordpress\/plugins\/seo\/ -->\n<title>Canap\u00e9 Serpentine par Vladimir Kagan pour Kagan NYC, ann\u00e9es 50. - Galerie Boketto<\/title>\n<meta name=\"description\" content=\"Ce canap\u00e9 \u00ab Serpentine \u00bb a \u00e9t\u00e9 cr\u00e9\u00e9 par le designer Vladimir Kagan pour Kagan NYC dans les ann\u00e9es 50. Sa forme contemporaine lui permet de s\u2019adapter \u00e0 diff\u00e9rents styles et \u00e9poques, en faisant une pi\u00e8ce de mobilier intemporelle.\" \/>\n<meta name=\"robots\" content=\"index, follow, max-snippet:-1, max-image-preview:large, max-video-preview:-1\" \/>\n<link rel=\"canonical\" href=\"https:\/\/galerie-boketto.com\/fr\/produit\/canape-serpentine-par-vladimir-kagan-pour-kagan-nyc-annees-50\/\" \/>\n<meta property=\"og:locale\" content=\"fr_FR\" \/>\n<meta property=\"og:type\" content=\"article\" \/>\n<meta property=\"og:title\" content=\"Canap\u00e9 Serpentine par Vladimir Kagan pour Kagan NYC, ann\u00e9es 50. - Galerie Boketto\" \/>\n<meta property=\"og:description\" content=\"Ce canap\u00e9 \u00ab Serpentine \u00bb a \u00e9t\u00e9 cr\u00e9\u00e9 par le designer Vladimir Kagan pour Kagan NYC dans les ann\u00e9es 50. Sa forme contemporaine lui permet de s\u2019adapter \u00e0 diff\u00e9rents styles et \u00e9poques, en faisant une pi\u00e8ce de mobilier intemporelle.\" \/>\n<meta property=\"og:url\" content=\"https:\/\/galerie-boketto.com\/fr\/produit\/canape-serpentine-par-vladimir-kagan-pour-kagan-nyc-annees-50\/\" \/>\n<meta property=\"og:site_name\" content=\"Galerie Boketto\" \/>\n<meta property=\"article:modified_time\" content=\"2025-06-20T14:17:41+00:00\" \/>\n<meta property=\"og:image\" content=\"https:\/\/galerie-boketto.com\/wp-content\/uploads\/2023\/07\/Kagan-13.jpeg\" \/>\n\t<meta property=\"og:image:width\" content=\"2000\" \/>\n\t<meta property=\"og:image:height\" content=\"2000\" \/>\n\t<meta property=\"og:image:type\" content=\"image\/jpeg\" \/>\n<meta name=\"twitter:card\" content=\"summary_large_image\" \/>\n<meta name=\"twitter:label1\" content=\"Dur\u00e9e de lecture estim\u00e9e\" \/>\n\t<meta name=\"twitter:data1\" content=\"2 minutes\" \/>\n<script type=\"application\/ld+json\" class=\"yoast-schema-graph\">{\"@context\":\"https:\/\/schema.org\",\"@graph\":[{\"@type\":\"WebPage\",\"@id\":\"https:\/\/galerie-boketto.com\/produit\/canape-serpentine-par-vladimir-kagan-pour-kagan-nyc-annees-50\/\",\"url\":\"https:\/\/galerie-boketto.com\/produit\/canape-serpentine-par-vladimir-kagan-pour-kagan-nyc-annees-50\/\",\"name\":\"Canap\u00e9 Serpentine par Vladimir Kagan pour Kagan NYC, ann\u00e9es 50. - Galerie Boketto\",\"isPartOf\":{\"@id\":\"https:\/\/galerie-boketto.com\/#website\"},\"primaryImageOfPage\":{\"@id\":\"https:\/\/galerie-boketto.com\/produit\/canape-serpentine-par-vladimir-kagan-pour-kagan-nyc-annees-50\/#primaryimage\"},\"image\":{\"@id\":\"https:\/\/galerie-boketto.com\/produit\/canape-serpentine-par-vladimir-kagan-pour-kagan-nyc-annees-50\/#primaryimage\"},\"thumbnailUrl\":\"https:\/\/galerie-boketto.com\/wp-content\/uploads\/2023\/07\/Kagan-13.jpeg\",\"datePublished\":\"2023-07-28T09:41:47+00:00\",\"dateModified\":\"2025-06-20T14:17:41+00:00\",\"description\":\"Ce canap\u00e9 \u00ab Serpentine \u00bb a \u00e9t\u00e9 cr\u00e9\u00e9 par le designer Vladimir Kagan pour Kagan NYC dans les ann\u00e9es 50. Sa forme contemporaine lui permet de s\u2019adapter \u00e0 diff\u00e9rents styles et \u00e9poques, en faisant une pi\u00e8ce de mobilier intemporelle.\",\"breadcrumb\":{\"@id\":\"https:\/\/galerie-boketto.com\/produit\/canape-serpentine-par-vladimir-kagan-pour-kagan-nyc-annees-50\/#breadcrumb\"},\"inLanguage\":\"fr-FR\",\"potentialAction\":[{\"@type\":\"ReadAction\",\"target\":[\"https:\/\/galerie-boketto.com\/produit\/canape-serpentine-par-vladimir-kagan-pour-kagan-nyc-annees-50\/\"]}]},{\"@type\":\"ImageObject\",\"inLanguage\":\"fr-FR\",\"@id\":\"https:\/\/galerie-boketto.com\/produit\/canape-serpentine-par-vladimir-kagan-pour-kagan-nyc-annees-50\/#primaryimage\",\"url\":\"https:\/\/galerie-boketto.com\/wp-content\/uploads\/2023\/07\/Kagan-13.jpeg\",\"contentUrl\":\"https:\/\/galerie-boketto.com\/wp-content\/uploads\/2023\/07\/Kagan-13.jpeg\",\"width\":2000,\"height\":2000},{\"@type\":\"BreadcrumbList\",\"@id\":\"https:\/\/galerie-boketto.com\/produit\/canape-serpentine-par-vladimir-kagan-pour-kagan-nyc-annees-50\/#breadcrumb\",\"itemListElement\":[{\"@type\":\"ListItem\",\"position\":1,\"name\":\"Home\",\"item\":\"https:\/\/galerie-boketto.com\/\"},{\"@type\":\"ListItem\",\"position\":2,\"name\":\"Mobilier\",\"item\":\"https:\/\/galerie-boketto.com\/mobilier\/\"},{\"@type\":\"ListItem\",\"position\":3,\"name\":\"Canap\u00e9 Serpentine par Vladimir Kagan pour Kagan NYC, ann\u00e9es 50.\"}]},{\"@type\":\"WebSite\",\"@id\":\"https:\/\/galerie-boketto.com\/#website\",\"url\":\"https:\/\/galerie-boketto.com\/\",\"name\":\"Galerie Boketto\",\"description\":\"Collectible Mid-century in the heart of Paris.\",\"publisher\":{\"@id\":\"https:\/\/galerie-boketto.com\/#organization\"},\"potentialAction\":[{\"@type\":\"SearchAction\",\"target\":{\"@type\":\"EntryPoint\",\"urlTemplate\":\"https:\/\/galerie-boketto.com\/?s={search_term_string}\"},\"query-input\":{\"@type\":\"PropertyValueSpecification\",\"valueRequired\":true,\"valueName\":\"search_term_string\"}}],\"inLanguage\":\"fr-FR\"},{\"@type\":\"Organization\",\"@id\":\"https:\/\/galerie-boketto.com\/#organization\",\"name\":\"Galerie Boketto\",\"url\":\"https:\/\/galerie-boketto.com\/\",\"logo\":{\"@type\":\"ImageObject\",\"inLanguage\":\"fr-FR\",\"@id\":\"https:\/\/galerie-boketto.com\/#\/schema\/logo\/image\/\",\"url\":\"https:\/\/galerie-boketto.com\/wp-content\/uploads\/2022\/11\/logo_dark.png\",\"contentUrl\":\"https:\/\/galerie-boketto.com\/wp-content\/uploads\/2022\/11\/logo_dark.png\",\"width\":1899,\"height\":175,\"caption\":\"Galerie Boketto\"},\"image\":{\"@id\":\"https:\/\/galerie-boketto.com\/#\/schema\/logo\/image\/\"},\"sameAs\":[\"https:\/\/www.instagram.com\/galerie.boketto\/\"]}]}<\/script>\n<!-- \/ Yoast SEO plugin. -->","yoast_head_json":{"title":"Canap\u00e9 Serpentine par Vladimir Kagan pour Kagan NYC, ann\u00e9es 50. - Galerie Boketto","description":"Ce canap\u00e9 \u00ab Serpentine \u00bb a \u00e9t\u00e9 cr\u00e9\u00e9 par le designer Vladimir Kagan pour Kagan NYC dans les ann\u00e9es 50. Sa forme contemporaine lui permet de s\u2019adapter \u00e0 diff\u00e9rents styles et \u00e9poques, en faisant une pi\u00e8ce de mobilier intemporelle.","robots":{"index":"index","follow":"follow","max-snippet":"max-snippet:-1","max-image-preview":"max-image-preview:large","max-video-preview":"max-video-preview:-1"},"canonical":"https:\/\/galerie-boketto.com\/fr\/produit\/canape-serpentine-par-vladimir-kagan-pour-kagan-nyc-annees-50\/","og_locale":"fr_FR","og_type":"article","og_title":"Canap\u00e9 Serpentine par Vladimir Kagan pour Kagan NYC, ann\u00e9es 50. - Galerie Boketto","og_description":"Ce canap\u00e9 \u00ab Serpentine \u00bb a \u00e9t\u00e9 cr\u00e9\u00e9 par le designer Vladimir Kagan pour Kagan NYC dans les ann\u00e9es 50. Sa forme contemporaine lui permet de s\u2019adapter \u00e0 diff\u00e9rents styles et \u00e9poques, en faisant une pi\u00e8ce de mobilier intemporelle.","og_url":"https:\/\/galerie-boketto.com\/fr\/produit\/canape-serpentine-par-vladimir-kagan-pour-kagan-nyc-annees-50\/","og_site_name":"Galerie Boketto","article_modified_time":"2025-06-20T14:17:41+00:00","og_image":[{"width":2000,"height":2000,"url":"https:\/\/galerie-boketto.com\/wp-content\/uploads\/2023\/07\/Kagan-13.jpeg","type":"image\/jpeg"}],"twitter_card":"summary_large_image","twitter_misc":{"Dur\u00e9e de lecture estim\u00e9e":"2 minutes"},"schema":{"@context":"https:\/\/schema.org","@graph":[{"@type":"WebPage","@id":"https:\/\/galerie-boketto.com\/produit\/canape-serpentine-par-vladimir-kagan-pour-kagan-nyc-annees-50\/","url":"https:\/\/galerie-boketto.com\/produit\/canape-serpentine-par-vladimir-kagan-pour-kagan-nyc-annees-50\/","name":"Canap\u00e9 Serpentine par Vladimir Kagan pour Kagan NYC, ann\u00e9es 50. - Galerie Boketto","isPartOf":{"@id":"https:\/\/galerie-boketto.com\/#website"},"primaryImageOfPage":{"@id":"https:\/\/galerie-boketto.com\/produit\/canape-serpentine-par-vladimir-kagan-pour-kagan-nyc-annees-50\/#primaryimage"},"image":{"@id":"https:\/\/galerie-boketto.com\/produit\/canape-serpentine-par-vladimir-kagan-pour-kagan-nyc-annees-50\/#primaryimage"},"thumbnailUrl":"https:\/\/galerie-boketto.com\/wp-content\/uploads\/2023\/07\/Kagan-13.jpeg","datePublished":"2023-07-28T09:41:47+00:00","dateModified":"2025-06-20T14:17:41+00:00","description":"Ce canap\u00e9 \u00ab Serpentine \u00bb a \u00e9t\u00e9 cr\u00e9\u00e9 par le designer Vladimir Kagan pour Kagan NYC dans les ann\u00e9es 50. Sa forme contemporaine lui permet de s\u2019adapter \u00e0 diff\u00e9rents styles et \u00e9poques, en faisant une pi\u00e8ce de mobilier intemporelle.","breadcrumb":{"@id":"https:\/\/galerie-boketto.com\/produit\/canape-serpentine-par-vladimir-kagan-pour-kagan-nyc-annees-50\/#breadcrumb"},"inLanguage":"fr-FR","potentialAction":[{"@type":"ReadAction","target":["https:\/\/galerie-boketto.com\/produit\/canape-serpentine-par-vladimir-kagan-pour-kagan-nyc-annees-50\/"]}]},{"@type":"ImageObject","inLanguage":"fr-FR","@id":"https:\/\/galerie-boketto.com\/produit\/canape-serpentine-par-vladimir-kagan-pour-kagan-nyc-annees-50\/#primaryimage","url":"https:\/\/galerie-boketto.com\/wp-content\/uploads\/2023\/07\/Kagan-13.jpeg","contentUrl":"https:\/\/galerie-boketto.com\/wp-content\/uploads\/2023\/07\/Kagan-13.jpeg","width":2000,"height":2000},{"@type":"BreadcrumbList","@id":"https:\/\/galerie-boketto.com\/produit\/canape-serpentine-par-vladimir-kagan-pour-kagan-nyc-annees-50\/#breadcrumb","itemListElement":[{"@type":"ListItem","position":1,"name":"Home","item":"https:\/\/galerie-boketto.com\/"},{"@type":"ListItem","position":2,"name":"Mobilier","item":"https:\/\/galerie-boketto.com\/mobilier\/"},{"@type":"ListItem","position":3,"name":"Canap\u00e9 Serpentine par Vladimir Kagan pour Kagan NYC, ann\u00e9es 50."}]},{"@type":"WebSite","@id":"https:\/\/galerie-boketto.com\/#website","url":"https:\/\/galerie-boketto.com\/","name":"Galerie Boketto","description":"Collectible Mid-century in the heart of Paris.","publisher":{"@id":"https:\/\/galerie-boketto.com\/#organization"},"potentialAction":[{"@type":"SearchAction","target":{"@type":"EntryPoint","urlTemplate":"https:\/\/galerie-boketto.com\/?s={search_term_string}"},"query-input":{"@type":"PropertyValueSpecification","valueRequired":true,"valueName":"search_term_string"}}],"inLanguage":"fr-FR"},{"@type":"Organization","@id":"https:\/\/galerie-boketto.com\/#organization","name":"Galerie Boketto","url":"https:\/\/galerie-boketto.com\/","logo":{"@type":"ImageObject","inLanguage":"fr-FR","@id":"https:\/\/galerie-boketto.com\/#\/schema\/logo\/image\/","url":"https:\/\/galerie-boketto.com\/wp-content\/uploads\/2022\/11\/logo_dark.png","contentUrl":"https:\/\/galerie-boketto.com\/wp-content\/uploads\/2022\/11\/logo_dark.png","width":1899,"height":175,"caption":"Galerie Boketto"},"image":{"@id":"https:\/\/galerie-boketto.com\/#\/schema\/logo\/image\/"},"sameAs":["https:\/\/www.instagram.com\/galerie.boketto\/"]}]}},"_links":{"self":[{"href":"https:\/\/galerie-boketto.com\/fr\/wp-json\/wp\/v2\/product\/6917"}],"collection":[{"href":"https:\/\/galerie-boketto.com\/fr\/wp-json\/wp\/v2\/product"}],"about":[{"href":"https:\/\/galerie-boketto.com\/fr\/wp-json\/wp\/v2\/types\/product"}],"version-history":[{"count":2,"href":"https:\/\/galerie-boketto.com\/fr\/wp-json\/wp\/v2\/product\/6917\/revisions"}],"predecessor-version":[{"id":6933,"href":"https:\/\/galerie-boketto.com\/fr\/wp-json\/wp\/v2\/product\/6917\/revisions\/6933"}],"wp:featuredmedia":[{"embeddable":true,"href":"https:\/\/galerie-boketto.com\/fr\/wp-json\/wp\/v2\/media\/6931"}],"wp:attachment":[{"href":"https:\/\/galerie-boketto.com\/fr\/wp-json\/wp\/v2\/media?parent=6917"}],"wp:term":[{"taxonomy":"product_brand","embeddable":true,"href":"https:\/\/galerie-boketto.com\/fr\/wp-json\/wp\/v2\/product_brand?post=6917"},{"taxonomy":"product_cat","embeddable":true,"href":"https:\/\/galerie-boketto.com\/fr\/wp-json\/wp\/v2\/product_cat?post=6917"},{"taxonomy":"product_tag","embeddable":true,"href":"https:\/\/galerie-boketto.com\/fr\/wp-json\/wp\/v2\/product_tag?post=6917"}],"curies":[{"name":"wp","href":"https:\/\/api.w.org\/{rel}","templated":true}]}}