{"id":4748,"date":"2023-02-21T18:47:18","date_gmt":"2023-02-21T17:47:18","guid":{"rendered":"https:\/\/galerie-boketto.com\/?post_type=product&#038;p=4748"},"modified":"2023-02-21T18:47:18","modified_gmt":"2023-02-21T17:47:18","slug":"fauteuil-swan-de-arne-jacobsen-pour-fritz-hansen-edition-2011","status":"publish","type":"product","link":"https:\/\/galerie-boketto.com\/fr\/produit\/fauteuil-swan-de-arne-jacobsen-pour-fritz-hansen-edition-2011\/","title":{"rendered":"Fauteuil Swan de Arne Jacobsen pour Fritz Hansen, \u00e9dition 2011."},"content":{"rendered":"<p class=\"p1\">Le fauteuil Swan avait \u00e9t\u00e9 cr\u00e9\u00e9 en 1958 par le designer Arne Jacobsen pour le lobby de l\u2019avant-gardiste H\u00f4tel Royal SAS \u00e0 Copenhague. Le Swan ainsi font partie d\u2019une s\u00e9rie de meubles sp\u00e9cialement con\u00e7us pour l\u2019h\u00f4tel. L\u2019ambition du designer ayant \u00e9t\u00e9 de recr\u00e9er un \u00abjardin moderne\u00bb aux formes sont arrondies et organiques. La coque, faite en polyur\u00e9thane renforc\u00e9 de fibre de verre est recouverte de mousse. Le pi\u00e8tement est compos\u00e9 d\u2019une partie pivotante chrom\u00e9e et satin\u00e9e sur un tube d\u2019acier soud\u00e9. Les parties individuelles sont soud\u00e9es et trait\u00e9es avec du zinc mat.<\/p>\n<p>Dimensions:<br \/>\nH:77 cm L: 74 cm P:68 cm<\/p>\n","protected":false},"excerpt":{"rendered":"<p>Le fauteuil Swan avait \u00e9t\u00e9 cr\u00e9\u00e9 en 1958 par le designer Arne Jacobsen pour le lobby de l\u2019avant-gardiste H\u00f4tel Royal SAS \u00e0 Copenhague. Le Swan ainsi font partie d\u2019une s\u00e9rie&hellip;<\/p>\n","protected":false},"featured_media":4550,"template":"","meta":[],"product_brand":[],"product_cat":[134,135],"product_tag":[274,192,208,272,271,265,273,270],"class_list":{"0":"post-4748","1":"product","2":"type-product","3":"status-publish","4":"has-post-thumbnail","6":"product_cat-assise","7":"product_cat-fauteuil","8":"product_tag-274","9":"product_tag-annees-50","10":"product_tag-annees-60","11":"product_tag-arne-jacobsen","12":"product_tag-edition-2011","13":"product_tag-fauteuil","14":"product_tag-fritz-hansen","15":"product_tag-swan","17":"first","18":"instock","19":"taxable","20":"shipping-taxable","21":"product-type-simple"},"yoast_head":"<!-- This site is optimized with the Yoast SEO plugin v23.4 - https:\/\/yoast.com\/wordpress\/plugins\/seo\/ -->\n<title>Fauteuil Swan de Arne Jacobsen pour Fritz Hansen, \u00e9dition 2011. - Galerie Boketto<\/title>\n<meta name=\"robots\" content=\"index, follow, max-snippet:-1, max-image-preview:large, max-video-preview:-1\" \/>\n<link rel=\"canonical\" href=\"https:\/\/galerie-boketto.com\/fr\/produit\/fauteuil-swan-de-arne-jacobsen-pour-fritz-hansen-edition-2011\/\" \/>\n<meta property=\"og:locale\" content=\"fr_FR\" \/>\n<meta property=\"og:type\" content=\"article\" \/>\n<meta property=\"og:title\" content=\"Fauteuil Swan de Arne Jacobsen pour Fritz Hansen, \u00e9dition 2011. - Galerie Boketto\" \/>\n<meta property=\"og:description\" content=\"Le fauteuil Swan avait \u00e9t\u00e9 cr\u00e9\u00e9 en 1958 par le designer Arne Jacobsen pour le lobby de l\u2019avant-gardiste H\u00f4tel Royal SAS \u00e0 Copenhague. Le Swan ainsi font partie d\u2019une s\u00e9rie&hellip;\" \/>\n<meta property=\"og:url\" content=\"https:\/\/galerie-boketto.com\/fr\/produit\/fauteuil-swan-de-arne-jacobsen-pour-fritz-hansen-edition-2011\/\" \/>\n<meta property=\"og:site_name\" content=\"Galerie Boketto\" \/>\n<meta property=\"og:image\" content=\"https:\/\/galerie-boketto.com\/wp-content\/uploads\/2023\/02\/Swan-3-1024x1024.png\" \/>\n\t<meta property=\"og:image:width\" content=\"1024\" \/>\n\t<meta property=\"og:image:height\" content=\"1024\" \/>\n\t<meta property=\"og:image:type\" content=\"image\/png\" \/>\n<meta name=\"twitter:card\" content=\"summary_large_image\" \/>\n<meta name=\"twitter:label1\" content=\"Dur\u00e9e de lecture estim\u00e9e\" \/>\n\t<meta name=\"twitter:data1\" content=\"1 minute\" \/>\n<script type=\"application\/ld+json\" class=\"yoast-schema-graph\">{\"@context\":\"https:\/\/schema.org\",\"@graph\":[{\"@type\":\"WebPage\",\"@id\":\"https:\/\/galerie-boketto.com\/en\/produit\/fauteuil-swan-de-arne-jacobsen-pour-fritz-hansen-edition-2011\/\",\"url\":\"https:\/\/galerie-boketto.com\/en\/produit\/fauteuil-swan-de-arne-jacobsen-pour-fritz-hansen-edition-2011\/\",\"name\":\"Fauteuil Swan de Arne Jacobsen pour Fritz Hansen, \u00e9dition 2011. - Galerie Boketto\",\"isPartOf\":{\"@id\":\"https:\/\/galerie-boketto.com\/#website\"},\"primaryImageOfPage\":{\"@id\":\"https:\/\/galerie-boketto.com\/en\/produit\/fauteuil-swan-de-arne-jacobsen-pour-fritz-hansen-edition-2011\/#primaryimage\"},\"image\":{\"@id\":\"https:\/\/galerie-boketto.com\/en\/produit\/fauteuil-swan-de-arne-jacobsen-pour-fritz-hansen-edition-2011\/#primaryimage\"},\"thumbnailUrl\":\"https:\/\/galerie-boketto.com\/wp-content\/uploads\/2023\/02\/Swan-3.png\",\"datePublished\":\"2023-02-21T17:47:18+00:00\",\"dateModified\":\"2023-02-21T17:47:18+00:00\",\"breadcrumb\":{\"@id\":\"https:\/\/galerie-boketto.com\/en\/produit\/fauteuil-swan-de-arne-jacobsen-pour-fritz-hansen-edition-2011\/#breadcrumb\"},\"inLanguage\":\"fr-FR\",\"potentialAction\":[{\"@type\":\"ReadAction\",\"target\":[\"https:\/\/galerie-boketto.com\/en\/produit\/fauteuil-swan-de-arne-jacobsen-pour-fritz-hansen-edition-2011\/\"]}]},{\"@type\":\"ImageObject\",\"inLanguage\":\"fr-FR\",\"@id\":\"https:\/\/galerie-boketto.com\/en\/produit\/fauteuil-swan-de-arne-jacobsen-pour-fritz-hansen-edition-2011\/#primaryimage\",\"url\":\"https:\/\/galerie-boketto.com\/wp-content\/uploads\/2023\/02\/Swan-3.png\",\"contentUrl\":\"https:\/\/galerie-boketto.com\/wp-content\/uploads\/2023\/02\/Swan-3.png\",\"width\":2000,\"height\":2000},{\"@type\":\"BreadcrumbList\",\"@id\":\"https:\/\/galerie-boketto.com\/en\/produit\/fauteuil-swan-de-arne-jacobsen-pour-fritz-hansen-edition-2011\/#breadcrumb\",\"itemListElement\":[{\"@type\":\"ListItem\",\"position\":1,\"name\":\"Home\",\"item\":\"https:\/\/galerie-boketto.com\/\"},{\"@type\":\"ListItem\",\"position\":2,\"name\":\"Mobilier\",\"item\":\"https:\/\/galerie-boketto.com\/mobilier\/\"},{\"@type\":\"ListItem\",\"position\":3,\"name\":\"Fauteuil Swan de Arne Jacobsen pour Fritz Hansen, \u00e9dition 2011.\"}]},{\"@type\":\"WebSite\",\"@id\":\"https:\/\/galerie-boketto.com\/#website\",\"url\":\"https:\/\/galerie-boketto.com\/\",\"name\":\"Galerie Boketto\",\"description\":\"Collectible Mid-century in the heart of Paris.\",\"publisher\":{\"@id\":\"https:\/\/galerie-boketto.com\/#organization\"},\"potentialAction\":[{\"@type\":\"SearchAction\",\"target\":{\"@type\":\"EntryPoint\",\"urlTemplate\":\"https:\/\/galerie-boketto.com\/?s={search_term_string}\"},\"query-input\":{\"@type\":\"PropertyValueSpecification\",\"valueRequired\":true,\"valueName\":\"search_term_string\"}}],\"inLanguage\":\"fr-FR\"},{\"@type\":\"Organization\",\"@id\":\"https:\/\/galerie-boketto.com\/#organization\",\"name\":\"Galerie Boketto\",\"url\":\"https:\/\/galerie-boketto.com\/\",\"logo\":{\"@type\":\"ImageObject\",\"inLanguage\":\"fr-FR\",\"@id\":\"https:\/\/galerie-boketto.com\/#\/schema\/logo\/image\/\",\"url\":\"https:\/\/galerie-boketto.com\/wp-content\/uploads\/2022\/11\/logo_dark.png\",\"contentUrl\":\"https:\/\/galerie-boketto.com\/wp-content\/uploads\/2022\/11\/logo_dark.png\",\"width\":1899,\"height\":175,\"caption\":\"Galerie Boketto\"},\"image\":{\"@id\":\"https:\/\/galerie-boketto.com\/#\/schema\/logo\/image\/\"},\"sameAs\":[\"https:\/\/www.instagram.com\/galerie.boketto\/\"]}]}<\/script>\n<!-- \/ Yoast SEO plugin. -->","yoast_head_json":{"title":"Fauteuil Swan de Arne Jacobsen pour Fritz Hansen, \u00e9dition 2011. - Galerie Boketto","robots":{"index":"index","follow":"follow","max-snippet":"max-snippet:-1","max-image-preview":"max-image-preview:large","max-video-preview":"max-video-preview:-1"},"canonical":"https:\/\/galerie-boketto.com\/fr\/produit\/fauteuil-swan-de-arne-jacobsen-pour-fritz-hansen-edition-2011\/","og_locale":"fr_FR","og_type":"article","og_title":"Fauteuil Swan de Arne Jacobsen pour Fritz Hansen, \u00e9dition 2011. - Galerie Boketto","og_description":"Le fauteuil Swan avait \u00e9t\u00e9 cr\u00e9\u00e9 en 1958 par le designer Arne Jacobsen pour le lobby de l\u2019avant-gardiste H\u00f4tel Royal SAS \u00e0 Copenhague. Le Swan ainsi font partie d\u2019une s\u00e9rie&hellip;","og_url":"https:\/\/galerie-boketto.com\/fr\/produit\/fauteuil-swan-de-arne-jacobsen-pour-fritz-hansen-edition-2011\/","og_site_name":"Galerie Boketto","og_image":[{"width":1024,"height":1024,"url":"https:\/\/galerie-boketto.com\/wp-content\/uploads\/2023\/02\/Swan-3-1024x1024.png","type":"image\/png"}],"twitter_card":"summary_large_image","twitter_misc":{"Dur\u00e9e de lecture estim\u00e9e":"1 minute"},"schema":{"@context":"https:\/\/schema.org","@graph":[{"@type":"WebPage","@id":"https:\/\/galerie-boketto.com\/en\/produit\/fauteuil-swan-de-arne-jacobsen-pour-fritz-hansen-edition-2011\/","url":"https:\/\/galerie-boketto.com\/en\/produit\/fauteuil-swan-de-arne-jacobsen-pour-fritz-hansen-edition-2011\/","name":"Fauteuil Swan de Arne Jacobsen pour Fritz Hansen, \u00e9dition 2011. - Galerie Boketto","isPartOf":{"@id":"https:\/\/galerie-boketto.com\/#website"},"primaryImageOfPage":{"@id":"https:\/\/galerie-boketto.com\/en\/produit\/fauteuil-swan-de-arne-jacobsen-pour-fritz-hansen-edition-2011\/#primaryimage"},"image":{"@id":"https:\/\/galerie-boketto.com\/en\/produit\/fauteuil-swan-de-arne-jacobsen-pour-fritz-hansen-edition-2011\/#primaryimage"},"thumbnailUrl":"https:\/\/galerie-boketto.com\/wp-content\/uploads\/2023\/02\/Swan-3.png","datePublished":"2023-02-21T17:47:18+00:00","dateModified":"2023-02-21T17:47:18+00:00","breadcrumb":{"@id":"https:\/\/galerie-boketto.com\/en\/produit\/fauteuil-swan-de-arne-jacobsen-pour-fritz-hansen-edition-2011\/#breadcrumb"},"inLanguage":"fr-FR","potentialAction":[{"@type":"ReadAction","target":["https:\/\/galerie-boketto.com\/en\/produit\/fauteuil-swan-de-arne-jacobsen-pour-fritz-hansen-edition-2011\/"]}]},{"@type":"ImageObject","inLanguage":"fr-FR","@id":"https:\/\/galerie-boketto.com\/en\/produit\/fauteuil-swan-de-arne-jacobsen-pour-fritz-hansen-edition-2011\/#primaryimage","url":"https:\/\/galerie-boketto.com\/wp-content\/uploads\/2023\/02\/Swan-3.png","contentUrl":"https:\/\/galerie-boketto.com\/wp-content\/uploads\/2023\/02\/Swan-3.png","width":2000,"height":2000},{"@type":"BreadcrumbList","@id":"https:\/\/galerie-boketto.com\/en\/produit\/fauteuil-swan-de-arne-jacobsen-pour-fritz-hansen-edition-2011\/#breadcrumb","itemListElement":[{"@type":"ListItem","position":1,"name":"Home","item":"https:\/\/galerie-boketto.com\/"},{"@type":"ListItem","position":2,"name":"Mobilier","item":"https:\/\/galerie-boketto.com\/mobilier\/"},{"@type":"ListItem","position":3,"name":"Fauteuil Swan de Arne Jacobsen pour Fritz Hansen, \u00e9dition 2011."}]},{"@type":"WebSite","@id":"https:\/\/galerie-boketto.com\/#website","url":"https:\/\/galerie-boketto.com\/","name":"Galerie Boketto","description":"Collectible Mid-century in the heart of Paris.","publisher":{"@id":"https:\/\/galerie-boketto.com\/#organization"},"potentialAction":[{"@type":"SearchAction","target":{"@type":"EntryPoint","urlTemplate":"https:\/\/galerie-boketto.com\/?s={search_term_string}"},"query-input":{"@type":"PropertyValueSpecification","valueRequired":true,"valueName":"search_term_string"}}],"inLanguage":"fr-FR"},{"@type":"Organization","@id":"https:\/\/galerie-boketto.com\/#organization","name":"Galerie Boketto","url":"https:\/\/galerie-boketto.com\/","logo":{"@type":"ImageObject","inLanguage":"fr-FR","@id":"https:\/\/galerie-boketto.com\/#\/schema\/logo\/image\/","url":"https:\/\/galerie-boketto.com\/wp-content\/uploads\/2022\/11\/logo_dark.png","contentUrl":"https:\/\/galerie-boketto.com\/wp-content\/uploads\/2022\/11\/logo_dark.png","width":1899,"height":175,"caption":"Galerie Boketto"},"image":{"@id":"https:\/\/galerie-boketto.com\/#\/schema\/logo\/image\/"},"sameAs":["https:\/\/www.instagram.com\/galerie.boketto\/"]}]}},"_links":{"self":[{"href":"https:\/\/galerie-boketto.com\/fr\/wp-json\/wp\/v2\/product\/4748"}],"collection":[{"href":"https:\/\/galerie-boketto.com\/fr\/wp-json\/wp\/v2\/product"}],"about":[{"href":"https:\/\/galerie-boketto.com\/fr\/wp-json\/wp\/v2\/types\/product"}],"version-history":[{"count":1,"href":"https:\/\/galerie-boketto.com\/fr\/wp-json\/wp\/v2\/product\/4748\/revisions"}],"predecessor-version":[{"id":4750,"href":"https:\/\/galerie-boketto.com\/fr\/wp-json\/wp\/v2\/product\/4748\/revisions\/4750"}],"wp:featuredmedia":[{"embeddable":true,"href":"https:\/\/galerie-boketto.com\/fr\/wp-json\/wp\/v2\/media\/4550"}],"wp:attachment":[{"href":"https:\/\/galerie-boketto.com\/fr\/wp-json\/wp\/v2\/media?parent=4748"}],"wp:term":[{"taxonomy":"product_brand","embeddable":true,"href":"https:\/\/galerie-boketto.com\/fr\/wp-json\/wp\/v2\/product_brand?post=4748"},{"taxonomy":"product_cat","embeddable":true,"href":"https:\/\/galerie-boketto.com\/fr\/wp-json\/wp\/v2\/product_cat?post=4748"},{"taxonomy":"product_tag","embeddable":true,"href":"https:\/\/galerie-boketto.com\/fr\/wp-json\/wp\/v2\/product_tag?post=4748"}],"curies":[{"name":"wp","href":"https:\/\/api.w.org\/{rel}","templated":true}]}}